{"id":10412,"date":"2025-10-21T07:38:09","date_gmt":"2025-10-21T07:38:09","guid":{"rendered":"https:\/\/bellanoliving.com\/product\/lamelna-stena-drsna-sliding-shutter-bellano-s25-temno-siva-3-m\/"},"modified":"2025-12-01T09:56:38","modified_gmt":"2025-12-01T09:56:38","slug":"cloison-coulissant-a-lames-volet-coulissant-bellano-s25-gris-fonce-3-m","status":"publish","type":"product","link":"https:\/\/bellanoliving.com\/fr\/izdelek\/cloison-coulissant-a-lames-volet-coulissant-bellano-s25-gris-fonce-3-m\/","title":{"rendered":"Cloison coulissant \u00e0 lames, VOLET COULISSANT, Bellano S25, gris fonc\u00e9, 3 m"},"content":{"rendered":"","protected":false},"excerpt":{"rendered":"<p><span data-sheets-root=\"1\">Dimensions du panneau mural \u00e0 lattes de 3 m\u00a0: 2\u00a0697 mm \u2013 largeur, 2\u00a0351 mm \u2013 hauteur<\/span><\/p>\n","protected":false},"featured_media":9428,"comment_status":"closed","ping_status":"closed","template":"","meta":{"_acf_changed":false},"product_brand":[],"product_cat":[406,408],"product_tag":[],"class_list":{"0":"post-10412","1":"product","2":"type-product","3":"status-publish","4":"has-post-thumbnail","6":"product_cat-pergolas-bioclimatiques","7":"product_cat-typique","9":"first","10":"instock","11":"taxable","12":"shipping-taxable","13":"purchasable","14":"product-type-simple"},"acf":[],"yoast_head":"<!-- This site is optimized with the Yoast SEO plugin v27.0 - https:\/\/yoast.com\/product\/yoast-seo-wordpress\/ -->\n<title>Cloison coulissant \u00e0 lames, VOLET COULISSANT, Bellano S25, gris fonc\u00e9, 3 m - Bellano<\/title>\n<meta name=\"robots\" content=\"index, follow, max-snippet:-1, max-image-preview:large, max-video-preview:-1\" \/>\n<link rel=\"canonical\" href=\"https:\/\/bellanoliving.com\/fr\/izdelek\/cloison-coulissant-a-lames-volet-coulissant-bellano-s25-gris-fonce-3-m\/\" \/>\n<meta property=\"og:locale\" content=\"fr_FR\" \/>\n<meta property=\"og:type\" content=\"article\" \/>\n<meta property=\"og:title\" content=\"Cloison coulissant \u00e0 lames, VOLET COULISSANT, Bellano S25, gris fonc\u00e9, 3 m - Bellano\" \/>\n<meta property=\"og:description\" content=\"Dimensions du panneau mural \u00e0 lattes de 3 m\u00a0: 2\u00a0697 mm \u2013 largeur, 2\u00a0351 mm \u2013 hauteur\" \/>\n<meta property=\"og:url\" content=\"https:\/\/bellanoliving.com\/fr\/izdelek\/cloison-coulissant-a-lames-volet-coulissant-bellano-s25-gris-fonce-3-m\/\" \/>\n<meta property=\"og:site_name\" content=\"Bellano\" \/>\n<meta property=\"article:modified_time\" content=\"2025-12-01T09:56:38+00:00\" \/>\n<meta property=\"og:image\" content=\"https:\/\/bellanoliving.com\/wp-content\/uploads\/2025\/10\/Lamelna-stena-drsna-Bellano-S25-temno-siva-3-m-3-1024x768.jpg\" \/>\n\t<meta property=\"og:image:width\" content=\"1024\" \/>\n\t<meta property=\"og:image:height\" content=\"768\" \/>\n\t<meta property=\"og:image:type\" content=\"image\/jpeg\" \/>\n<meta name=\"twitter:card\" content=\"summary_large_image\" \/>\n<meta name=\"twitter:label1\" content=\"Dur\u00e9e de lecture estim\u00e9e\" \/>\n\t<meta name=\"twitter:data1\" content=\"1 minute\" \/>\n<script type=\"application\/ld+json\" class=\"yoast-schema-graph\">{\"@context\":\"https:\/\/schema.org\",\"@graph\":[{\"@type\":\"WebPage\",\"@id\":\"https:\/\/bellanoliving.com\/fr\/izdelek\/cloison-coulissant-a-lames-volet-coulissant-bellano-s25-gris-fonce-3-m\/\",\"url\":\"https:\/\/bellanoliving.com\/fr\/izdelek\/cloison-coulissant-a-lames-volet-coulissant-bellano-s25-gris-fonce-3-m\/\",\"name\":\"Cloison coulissant \u00e0 lames, VOLET COULISSANT, Bellano S25, gris fonc\u00e9, 3 m - Bellano\",\"isPartOf\":{\"@id\":\"https:\/\/bellanoliving.com\/fr\/#website\"},\"primaryImageOfPage\":{\"@id\":\"https:\/\/bellanoliving.com\/fr\/izdelek\/cloison-coulissant-a-lames-volet-coulissant-bellano-s25-gris-fonce-3-m\/#primaryimage\"},\"image\":{\"@id\":\"https:\/\/bellanoliving.com\/fr\/izdelek\/cloison-coulissant-a-lames-volet-coulissant-bellano-s25-gris-fonce-3-m\/#primaryimage\"},\"thumbnailUrl\":\"https:\/\/bellanoliving.com\/wp-content\/uploads\/2025\/10\/Lamelna-stena-drsna-Bellano-S25-temno-siva-3-m-3.jpg\",\"datePublished\":\"2025-10-21T07:38:09+00:00\",\"dateModified\":\"2025-12-01T09:56:38+00:00\",\"breadcrumb\":{\"@id\":\"https:\/\/bellanoliving.com\/fr\/izdelek\/cloison-coulissant-a-lames-volet-coulissant-bellano-s25-gris-fonce-3-m\/#breadcrumb\"},\"inLanguage\":\"fr-FR\",\"potentialAction\":[{\"@type\":\"ReadAction\",\"target\":[\"https:\/\/bellanoliving.com\/fr\/izdelek\/cloison-coulissant-a-lames-volet-coulissant-bellano-s25-gris-fonce-3-m\/\"]}]},{\"@type\":\"ImageObject\",\"inLanguage\":\"fr-FR\",\"@id\":\"https:\/\/bellanoliving.com\/fr\/izdelek\/cloison-coulissant-a-lames-volet-coulissant-bellano-s25-gris-fonce-3-m\/#primaryimage\",\"url\":\"https:\/\/bellanoliving.com\/wp-content\/uploads\/2025\/10\/Lamelna-stena-drsna-Bellano-S25-temno-siva-3-m-3.jpg\",\"contentUrl\":\"https:\/\/bellanoliving.com\/wp-content\/uploads\/2025\/10\/Lamelna-stena-drsna-Bellano-S25-temno-siva-3-m-3.jpg\",\"width\":2500,\"height\":1875},{\"@type\":\"BreadcrumbList\",\"@id\":\"https:\/\/bellanoliving.com\/fr\/izdelek\/cloison-coulissant-a-lames-volet-coulissant-bellano-s25-gris-fonce-3-m\/#breadcrumb\",\"itemListElement\":[{\"@type\":\"ListItem\",\"position\":1,\"name\":\"Maison\",\"item\":\"https:\/\/bellanoliving.com\/fr\/\"},{\"@type\":\"ListItem\",\"position\":2,\"name\":\"Boutique\",\"item\":\"https:\/\/bellanoliving.com\/fr\/boutique\/\"},{\"@type\":\"ListItem\",\"position\":3,\"name\":\"Cloison coulissant \u00e0 lames, VOLET COULISSANT, Bellano S25, gris fonc\u00e9, 3 m\"}]},{\"@type\":\"WebSite\",\"@id\":\"https:\/\/bellanoliving.com\/fr\/#website\",\"url\":\"https:\/\/bellanoliving.com\/fr\/\",\"name\":\"Bellano\",\"description\":\"\",\"potentialAction\":[{\"@type\":\"SearchAction\",\"target\":{\"@type\":\"EntryPoint\",\"urlTemplate\":\"https:\/\/bellanoliving.com\/fr\/?s={search_term_string}\"},\"query-input\":{\"@type\":\"PropertyValueSpecification\",\"valueRequired\":true,\"valueName\":\"search_term_string\"}}],\"inLanguage\":\"fr-FR\"}]}<\/script>\n<!-- \/ Yoast SEO plugin. -->","yoast_head_json":{"title":"Cloison coulissant \u00e0 lames, VOLET COULISSANT, Bellano S25, gris fonc\u00e9, 3 m - Bellano","robots":{"index":"index","follow":"follow","max-snippet":"max-snippet:-1","max-image-preview":"max-image-preview:large","max-video-preview":"max-video-preview:-1"},"canonical":"https:\/\/bellanoliving.com\/fr\/izdelek\/cloison-coulissant-a-lames-volet-coulissant-bellano-s25-gris-fonce-3-m\/","og_locale":"fr_FR","og_type":"article","og_title":"Cloison coulissant \u00e0 lames, VOLET COULISSANT, Bellano S25, gris fonc\u00e9, 3 m - Bellano","og_description":"Dimensions du panneau mural \u00e0 lattes de 3 m\u00a0: 2\u00a0697 mm \u2013 largeur, 2\u00a0351 mm \u2013 hauteur","og_url":"https:\/\/bellanoliving.com\/fr\/izdelek\/cloison-coulissant-a-lames-volet-coulissant-bellano-s25-gris-fonce-3-m\/","og_site_name":"Bellano","article_modified_time":"2025-12-01T09:56:38+00:00","og_image":[{"width":1024,"height":768,"url":"https:\/\/bellanoliving.com\/wp-content\/uploads\/2025\/10\/Lamelna-stena-drsna-Bellano-S25-temno-siva-3-m-3-1024x768.jpg","type":"image\/jpeg"}],"twitter_card":"summary_large_image","twitter_misc":{"Dur\u00e9e de lecture estim\u00e9e":"1 minute"},"schema":{"@context":"https:\/\/schema.org","@graph":[{"@type":"WebPage","@id":"https:\/\/bellanoliving.com\/fr\/izdelek\/cloison-coulissant-a-lames-volet-coulissant-bellano-s25-gris-fonce-3-m\/","url":"https:\/\/bellanoliving.com\/fr\/izdelek\/cloison-coulissant-a-lames-volet-coulissant-bellano-s25-gris-fonce-3-m\/","name":"Cloison coulissant \u00e0 lames, VOLET COULISSANT, Bellano S25, gris fonc\u00e9, 3 m - Bellano","isPartOf":{"@id":"https:\/\/bellanoliving.com\/fr\/#website"},"primaryImageOfPage":{"@id":"https:\/\/bellanoliving.com\/fr\/izdelek\/cloison-coulissant-a-lames-volet-coulissant-bellano-s25-gris-fonce-3-m\/#primaryimage"},"image":{"@id":"https:\/\/bellanoliving.com\/fr\/izdelek\/cloison-coulissant-a-lames-volet-coulissant-bellano-s25-gris-fonce-3-m\/#primaryimage"},"thumbnailUrl":"https:\/\/bellanoliving.com\/wp-content\/uploads\/2025\/10\/Lamelna-stena-drsna-Bellano-S25-temno-siva-3-m-3.jpg","datePublished":"2025-10-21T07:38:09+00:00","dateModified":"2025-12-01T09:56:38+00:00","breadcrumb":{"@id":"https:\/\/bellanoliving.com\/fr\/izdelek\/cloison-coulissant-a-lames-volet-coulissant-bellano-s25-gris-fonce-3-m\/#breadcrumb"},"inLanguage":"fr-FR","potentialAction":[{"@type":"ReadAction","target":["https:\/\/bellanoliving.com\/fr\/izdelek\/cloison-coulissant-a-lames-volet-coulissant-bellano-s25-gris-fonce-3-m\/"]}]},{"@type":"ImageObject","inLanguage":"fr-FR","@id":"https:\/\/bellanoliving.com\/fr\/izdelek\/cloison-coulissant-a-lames-volet-coulissant-bellano-s25-gris-fonce-3-m\/#primaryimage","url":"https:\/\/bellanoliving.com\/wp-content\/uploads\/2025\/10\/Lamelna-stena-drsna-Bellano-S25-temno-siva-3-m-3.jpg","contentUrl":"https:\/\/bellanoliving.com\/wp-content\/uploads\/2025\/10\/Lamelna-stena-drsna-Bellano-S25-temno-siva-3-m-3.jpg","width":2500,"height":1875},{"@type":"BreadcrumbList","@id":"https:\/\/bellanoliving.com\/fr\/izdelek\/cloison-coulissant-a-lames-volet-coulissant-bellano-s25-gris-fonce-3-m\/#breadcrumb","itemListElement":[{"@type":"ListItem","position":1,"name":"Maison","item":"https:\/\/bellanoliving.com\/fr\/"},{"@type":"ListItem","position":2,"name":"Boutique","item":"https:\/\/bellanoliving.com\/fr\/boutique\/"},{"@type":"ListItem","position":3,"name":"Cloison coulissant \u00e0 lames, VOLET COULISSANT, Bellano S25, gris fonc\u00e9, 3 m"}]},{"@type":"WebSite","@id":"https:\/\/bellanoliving.com\/fr\/#website","url":"https:\/\/bellanoliving.com\/fr\/","name":"Bellano","description":"","potentialAction":[{"@type":"SearchAction","target":{"@type":"EntryPoint","urlTemplate":"https:\/\/bellanoliving.com\/fr\/?s={search_term_string}"},"query-input":{"@type":"PropertyValueSpecification","valueRequired":true,"valueName":"search_term_string"}}],"inLanguage":"fr-FR"}]}},"_links":{"self":[{"href":"https:\/\/bellanoliving.com\/fr\/wp-json\/wp\/v2\/product\/10412","targetHints":{"allow":["GET"]}}],"collection":[{"href":"https:\/\/bellanoliving.com\/fr\/wp-json\/wp\/v2\/product"}],"about":[{"href":"https:\/\/bellanoliving.com\/fr\/wp-json\/wp\/v2\/types\/product"}],"replies":[{"embeddable":true,"href":"https:\/\/bellanoliving.com\/fr\/wp-json\/wp\/v2\/comments?post=10412"}],"wp:featuredmedia":[{"embeddable":true,"href":"https:\/\/bellanoliving.com\/fr\/wp-json\/wp\/v2\/media\/9428"}],"wp:attachment":[{"href":"https:\/\/bellanoliving.com\/fr\/wp-json\/wp\/v2\/media?parent=10412"}],"wp:term":[{"taxonomy":"product_brand","embeddable":true,"href":"https:\/\/bellanoliving.com\/fr\/wp-json\/wp\/v2\/product_brand?post=10412"},{"taxonomy":"product_cat","embeddable":true,"href":"https:\/\/bellanoliving.com\/fr\/wp-json\/wp\/v2\/product_cat?post=10412"},{"taxonomy":"product_tag","embeddable":true,"href":"https:\/\/bellanoliving.com\/fr\/wp-json\/wp\/v2\/product_tag?post=10412"}],"curies":[{"name":"wp","href":"https:\/\/api.w.org\/{rel}","templated":true}]}}