{"id":7947,"date":"2025-03-19T12:29:53","date_gmt":"2025-03-19T12:29:53","guid":{"rendered":"https:\/\/bellanoliving.com\/?post_type=product&#038;p=7947"},"modified":"2025-07-30T13:03:33","modified_gmt":"2025-07-30T13:03:33","slug":"composition-bologna-chene-rustique-plan-de-travail-en-porcelaine","status":"publish","type":"product","link":"https:\/\/bellanoliving.com\/fr\/izdelek\/composition-bologna-chene-rustique-plan-de-travail-en-porcelaine\/","title":{"rendered":"Composition Bologna &#8211; ch\u00eane rustique &#8211; plan de travail en porcelaine"},"content":{"rendered":"","protected":false},"excerpt":{"rendered":"<p>La composition Bologna, d\u00e9cor en ch\u00eane rustique et plan de travail en porcelaine, se compose d\u2019un \u00e9l\u00e9ment avec \u00e9vier, d\u2019un \u00e9l\u00e9ment avec porte et d\u2019un \u00e9l\u00e9ment avec grill int\u00e9gr\u00e9.<\/p>\n<p>Dimensions de la composition\u00a0: 3\u00a0600 x 634\u00a0mm\u00a0; hauteur\u00a0: 935\u00a0mm<\/p>\n","protected":false},"featured_media":3356,"comment_status":"open","ping_status":"closed","template":"","meta":{"_acf_changed":false},"product_brand":[],"product_cat":[235,258],"product_tag":[],"class_list":{"0":"post-7947","1":"product","2":"type-product","3":"status-publish","4":"has-post-thumbnail","6":"product_cat-bologna-fr","7":"product_cat-compositions-fr","9":"first","10":"instock","11":"taxable","12":"shipping-taxable","13":"purchasable","14":"product-type-simple"},"acf":[],"yoast_head":"<!-- This site is optimized with the Yoast SEO plugin v27.0 - https:\/\/yoast.com\/product\/yoast-seo-wordpress\/ -->\n<title>Composition Bologna - ch\u00eane rustique - plan de travail en porcelaine - Bellano<\/title>\n<meta name=\"robots\" content=\"index, follow, max-snippet:-1, max-image-preview:large, max-video-preview:-1\" \/>\n<link rel=\"canonical\" href=\"https:\/\/bellanoliving.com\/fr\/izdelek\/composition-bologna-chene-rustique-plan-de-travail-en-porcelaine\/\" \/>\n<meta property=\"og:locale\" content=\"fr_FR\" \/>\n<meta property=\"og:type\" content=\"article\" \/>\n<meta property=\"og:title\" content=\"Composition Bologna - ch\u00eane rustique - plan de travail en porcelaine - Bellano\" \/>\n<meta property=\"og:description\" content=\"La composition Bologna, d\u00e9cor en ch\u00eane rustique et plan de travail en porcelaine, se compose d\u2019un \u00e9l\u00e9ment avec \u00e9vier, d\u2019un \u00e9l\u00e9ment avec porte et d\u2019un \u00e9l\u00e9ment avec grill int\u00e9gr\u00e9.  Dimensions de la composition\u00a0: 3\u00a0600 x 634\u00a0mm\u00a0; hauteur\u00a0: 935\u00a0mm\" \/>\n<meta property=\"og:url\" content=\"https:\/\/bellanoliving.com\/fr\/izdelek\/composition-bologna-chene-rustique-plan-de-travail-en-porcelaine\/\" \/>\n<meta property=\"og:site_name\" content=\"Bellano\" \/>\n<meta property=\"article:modified_time\" content=\"2025-07-30T13:03:33+00:00\" \/>\n<meta property=\"og:image\" content=\"https:\/\/bellanoliving.com\/wp-content\/uploads\/2025\/03\/02-Set-Bologna-hrast-rustik-pult-iz-porcelana-Large.jpg\" \/>\n\t<meta property=\"og:image:width\" content=\"1920\" \/>\n\t<meta property=\"og:image:height\" content=\"1080\" \/>\n\t<meta property=\"og:image:type\" content=\"image\/jpeg\" \/>\n<meta name=\"twitter:card\" content=\"summary_large_image\" \/>\n<script type=\"application\/ld+json\" class=\"yoast-schema-graph\">{\"@context\":\"https:\/\/schema.org\",\"@graph\":[{\"@type\":\"WebPage\",\"@id\":\"https:\/\/bellanoliving.com\/fr\/izdelek\/composition-bologna-chene-rustique-plan-de-travail-en-porcelaine\/\",\"url\":\"https:\/\/bellanoliving.com\/fr\/izdelek\/composition-bologna-chene-rustique-plan-de-travail-en-porcelaine\/\",\"name\":\"Composition Bologna - ch\u00eane rustique - plan de travail en porcelaine - Bellano\",\"isPartOf\":{\"@id\":\"https:\/\/bellanoliving.com\/fr\/#website\"},\"primaryImageOfPage\":{\"@id\":\"https:\/\/bellanoliving.com\/fr\/izdelek\/composition-bologna-chene-rustique-plan-de-travail-en-porcelaine\/#primaryimage\"},\"image\":{\"@id\":\"https:\/\/bellanoliving.com\/fr\/izdelek\/composition-bologna-chene-rustique-plan-de-travail-en-porcelaine\/#primaryimage\"},\"thumbnailUrl\":\"https:\/\/bellanoliving.com\/wp-content\/uploads\/2025\/03\/02-Set-Bologna-hrast-rustik-pult-iz-porcelana-Large.jpg\",\"datePublished\":\"2025-03-19T12:29:53+00:00\",\"dateModified\":\"2025-07-30T13:03:33+00:00\",\"breadcrumb\":{\"@id\":\"https:\/\/bellanoliving.com\/fr\/izdelek\/composition-bologna-chene-rustique-plan-de-travail-en-porcelaine\/#breadcrumb\"},\"inLanguage\":\"fr-FR\",\"potentialAction\":[{\"@type\":\"ReadAction\",\"target\":[\"https:\/\/bellanoliving.com\/fr\/izdelek\/composition-bologna-chene-rustique-plan-de-travail-en-porcelaine\/\"]}]},{\"@type\":\"ImageObject\",\"inLanguage\":\"fr-FR\",\"@id\":\"https:\/\/bellanoliving.com\/fr\/izdelek\/composition-bologna-chene-rustique-plan-de-travail-en-porcelaine\/#primaryimage\",\"url\":\"https:\/\/bellanoliving.com\/wp-content\/uploads\/2025\/03\/02-Set-Bologna-hrast-rustik-pult-iz-porcelana-Large.jpg\",\"contentUrl\":\"https:\/\/bellanoliving.com\/wp-content\/uploads\/2025\/03\/02-Set-Bologna-hrast-rustik-pult-iz-porcelana-Large.jpg\",\"width\":1920,\"height\":1080},{\"@type\":\"BreadcrumbList\",\"@id\":\"https:\/\/bellanoliving.com\/fr\/izdelek\/composition-bologna-chene-rustique-plan-de-travail-en-porcelaine\/#breadcrumb\",\"itemListElement\":[{\"@type\":\"ListItem\",\"position\":1,\"name\":\"Maison\",\"item\":\"https:\/\/bellanoliving.com\/fr\/\"},{\"@type\":\"ListItem\",\"position\":2,\"name\":\"Boutique\",\"item\":\"https:\/\/bellanoliving.com\/fr\/boutique\/\"},{\"@type\":\"ListItem\",\"position\":3,\"name\":\"Composition Bologna &#8211; ch\u00eane rustique &#8211; plan de travail en porcelaine\"}]},{\"@type\":\"WebSite\",\"@id\":\"https:\/\/bellanoliving.com\/fr\/#website\",\"url\":\"https:\/\/bellanoliving.com\/fr\/\",\"name\":\"Bellano\",\"description\":\"\",\"potentialAction\":[{\"@type\":\"SearchAction\",\"target\":{\"@type\":\"EntryPoint\",\"urlTemplate\":\"https:\/\/bellanoliving.com\/fr\/?s={search_term_string}\"},\"query-input\":{\"@type\":\"PropertyValueSpecification\",\"valueRequired\":true,\"valueName\":\"search_term_string\"}}],\"inLanguage\":\"fr-FR\"}]}<\/script>\n<!-- \/ Yoast SEO plugin. -->","yoast_head_json":{"title":"Composition Bologna - ch\u00eane rustique - plan de travail en porcelaine - Bellano","robots":{"index":"index","follow":"follow","max-snippet":"max-snippet:-1","max-image-preview":"max-image-preview:large","max-video-preview":"max-video-preview:-1"},"canonical":"https:\/\/bellanoliving.com\/fr\/izdelek\/composition-bologna-chene-rustique-plan-de-travail-en-porcelaine\/","og_locale":"fr_FR","og_type":"article","og_title":"Composition Bologna - ch\u00eane rustique - plan de travail en porcelaine - Bellano","og_description":"La composition Bologna, d\u00e9cor en ch\u00eane rustique et plan de travail en porcelaine, se compose d\u2019un \u00e9l\u00e9ment avec \u00e9vier, d\u2019un \u00e9l\u00e9ment avec porte et d\u2019un \u00e9l\u00e9ment avec grill int\u00e9gr\u00e9.  Dimensions de la composition\u00a0: 3\u00a0600 x 634\u00a0mm\u00a0; hauteur\u00a0: 935\u00a0mm","og_url":"https:\/\/bellanoliving.com\/fr\/izdelek\/composition-bologna-chene-rustique-plan-de-travail-en-porcelaine\/","og_site_name":"Bellano","article_modified_time":"2025-07-30T13:03:33+00:00","og_image":[{"width":1920,"height":1080,"url":"https:\/\/bellanoliving.com\/wp-content\/uploads\/2025\/03\/02-Set-Bologna-hrast-rustik-pult-iz-porcelana-Large.jpg","type":"image\/jpeg"}],"twitter_card":"summary_large_image","schema":{"@context":"https:\/\/schema.org","@graph":[{"@type":"WebPage","@id":"https:\/\/bellanoliving.com\/fr\/izdelek\/composition-bologna-chene-rustique-plan-de-travail-en-porcelaine\/","url":"https:\/\/bellanoliving.com\/fr\/izdelek\/composition-bologna-chene-rustique-plan-de-travail-en-porcelaine\/","name":"Composition Bologna - ch\u00eane rustique - plan de travail en porcelaine - Bellano","isPartOf":{"@id":"https:\/\/bellanoliving.com\/fr\/#website"},"primaryImageOfPage":{"@id":"https:\/\/bellanoliving.com\/fr\/izdelek\/composition-bologna-chene-rustique-plan-de-travail-en-porcelaine\/#primaryimage"},"image":{"@id":"https:\/\/bellanoliving.com\/fr\/izdelek\/composition-bologna-chene-rustique-plan-de-travail-en-porcelaine\/#primaryimage"},"thumbnailUrl":"https:\/\/bellanoliving.com\/wp-content\/uploads\/2025\/03\/02-Set-Bologna-hrast-rustik-pult-iz-porcelana-Large.jpg","datePublished":"2025-03-19T12:29:53+00:00","dateModified":"2025-07-30T13:03:33+00:00","breadcrumb":{"@id":"https:\/\/bellanoliving.com\/fr\/izdelek\/composition-bologna-chene-rustique-plan-de-travail-en-porcelaine\/#breadcrumb"},"inLanguage":"fr-FR","potentialAction":[{"@type":"ReadAction","target":["https:\/\/bellanoliving.com\/fr\/izdelek\/composition-bologna-chene-rustique-plan-de-travail-en-porcelaine\/"]}]},{"@type":"ImageObject","inLanguage":"fr-FR","@id":"https:\/\/bellanoliving.com\/fr\/izdelek\/composition-bologna-chene-rustique-plan-de-travail-en-porcelaine\/#primaryimage","url":"https:\/\/bellanoliving.com\/wp-content\/uploads\/2025\/03\/02-Set-Bologna-hrast-rustik-pult-iz-porcelana-Large.jpg","contentUrl":"https:\/\/bellanoliving.com\/wp-content\/uploads\/2025\/03\/02-Set-Bologna-hrast-rustik-pult-iz-porcelana-Large.jpg","width":1920,"height":1080},{"@type":"BreadcrumbList","@id":"https:\/\/bellanoliving.com\/fr\/izdelek\/composition-bologna-chene-rustique-plan-de-travail-en-porcelaine\/#breadcrumb","itemListElement":[{"@type":"ListItem","position":1,"name":"Maison","item":"https:\/\/bellanoliving.com\/fr\/"},{"@type":"ListItem","position":2,"name":"Boutique","item":"https:\/\/bellanoliving.com\/fr\/boutique\/"},{"@type":"ListItem","position":3,"name":"Composition Bologna &#8211; ch\u00eane rustique &#8211; plan de travail en porcelaine"}]},{"@type":"WebSite","@id":"https:\/\/bellanoliving.com\/fr\/#website","url":"https:\/\/bellanoliving.com\/fr\/","name":"Bellano","description":"","potentialAction":[{"@type":"SearchAction","target":{"@type":"EntryPoint","urlTemplate":"https:\/\/bellanoliving.com\/fr\/?s={search_term_string}"},"query-input":{"@type":"PropertyValueSpecification","valueRequired":true,"valueName":"search_term_string"}}],"inLanguage":"fr-FR"}]}},"_links":{"self":[{"href":"https:\/\/bellanoliving.com\/fr\/wp-json\/wp\/v2\/product\/7947","targetHints":{"allow":["GET"]}}],"collection":[{"href":"https:\/\/bellanoliving.com\/fr\/wp-json\/wp\/v2\/product"}],"about":[{"href":"https:\/\/bellanoliving.com\/fr\/wp-json\/wp\/v2\/types\/product"}],"replies":[{"embeddable":true,"href":"https:\/\/bellanoliving.com\/fr\/wp-json\/wp\/v2\/comments?post=7947"}],"wp:featuredmedia":[{"embeddable":true,"href":"https:\/\/bellanoliving.com\/fr\/wp-json\/wp\/v2\/media\/3356"}],"wp:attachment":[{"href":"https:\/\/bellanoliving.com\/fr\/wp-json\/wp\/v2\/media?parent=7947"}],"wp:term":[{"taxonomy":"product_brand","embeddable":true,"href":"https:\/\/bellanoliving.com\/fr\/wp-json\/wp\/v2\/product_brand?post=7947"},{"taxonomy":"product_cat","embeddable":true,"href":"https:\/\/bellanoliving.com\/fr\/wp-json\/wp\/v2\/product_cat?post=7947"},{"taxonomy":"product_tag","embeddable":true,"href":"https:\/\/bellanoliving.com\/fr\/wp-json\/wp\/v2\/product_tag?post=7947"}],"curies":[{"name":"wp","href":"https:\/\/api.w.org\/{rel}","templated":true}]}}