{"id":5919,"date":"2025-01-05T13:23:41","date_gmt":"2025-01-05T13:23:41","guid":{"rendered":"https:\/\/bellanoliving.com\/?page_id=5919"},"modified":"2025-07-31T06:19:03","modified_gmt":"2025-07-31T06:19:03","slug":"modularna-letna-kuhinja-hr","status":"publish","type":"page","link":"https:\/\/bellanoliving.com\/hr\/modularna-letna-kuhinja-hr\/","title":{"rendered":"Modularna ljetna kuhinja"},"content":{"rendered":"","protected":false},"excerpt":{"rendered":"","protected":false},"author":4,"featured_media":0,"parent":0,"menu_order":0,"comment_status":"closed","ping_status":"closed","template":"100-width.php","meta":{"_acf_changed":false,"footnotes":""},"class_list":["post-5919","page","type-page","status-publish","hentry"],"acf":[],"yoast_head":"<!-- This site is optimized with the Yoast SEO plugin v27.0 - https:\/\/yoast.com\/product\/yoast-seo-wordpress\/ -->\n<title>Modularna ljetna kuhinja za poletne trenutke - Bellano<\/title>\n<meta name=\"description\" content=\"Kreirajte prilago\u0111enu modularnu ljetnu kuhinju uz Bellano. Pregledajte elemente u hrastu, orahu ili antracit dekoru, te dodatke za \u017ear i hladnjike. Zatra\u017eite ponudu.\" \/>\n<meta name=\"robots\" content=\"index, follow, max-snippet:-1, max-image-preview:large, max-video-preview:-1\" \/>\n<link rel=\"canonical\" href=\"https:\/\/bellanoliving.com\/hr\/modularna-letna-kuhinja-hr\/\" \/>\n<meta property=\"og:locale\" content=\"hr_HR\" \/>\n<meta property=\"og:type\" content=\"article\" \/>\n<meta property=\"og:title\" content=\"Modularna ljetna kuhinja za poletne trenutke - Bellano\" \/>\n<meta property=\"og:description\" content=\"Kreirajte savr\u0161enu ljetnu kuhinju. Zatra\u017eite ponudu danas.\" \/>\n<meta property=\"og:url\" content=\"https:\/\/bellanoliving.com\/hr\/modularna-letna-kuhinja-hr\/\" \/>\n<meta property=\"og:site_name\" content=\"Bellano\" \/>\n<meta property=\"article:modified_time\" content=\"2025-07-31T06:19:03+00:00\" \/>\n<meta name=\"twitter:card\" content=\"summary_large_image\" \/>\n<script type=\"application\/ld+json\" class=\"yoast-schema-graph\">{\"@context\":\"https:\/\/schema.org\",\"@graph\":[{\"@type\":\"WebPage\",\"@id\":\"https:\/\/bellanoliving.com\/hr\/modularna-letna-kuhinja-hr\/\",\"url\":\"https:\/\/bellanoliving.com\/hr\/modularna-letna-kuhinja-hr\/\",\"name\":\"Modularna ljetna kuhinja za poletne trenutke - Bellano\",\"isPartOf\":{\"@id\":\"https:\/\/bellanoliving.com\/hr\/#website\"},\"datePublished\":\"2025-01-05T13:23:41+00:00\",\"dateModified\":\"2025-07-31T06:19:03+00:00\",\"description\":\"Kreirajte prilago\u0111enu modularnu ljetnu kuhinju uz Bellano. Pregledajte elemente u hrastu, orahu ili antracit dekoru, te dodatke za \u017ear i hladnjike. Zatra\u017eite ponudu.\",\"breadcrumb\":{\"@id\":\"https:\/\/bellanoliving.com\/hr\/modularna-letna-kuhinja-hr\/#breadcrumb\"},\"inLanguage\":\"hr\",\"potentialAction\":[{\"@type\":\"ReadAction\",\"target\":[\"https:\/\/bellanoliving.com\/hr\/modularna-letna-kuhinja-hr\/\"]}]},{\"@type\":\"BreadcrumbList\",\"@id\":\"https:\/\/bellanoliving.com\/hr\/modularna-letna-kuhinja-hr\/#breadcrumb\",\"itemListElement\":[{\"@type\":\"ListItem\",\"position\":1,\"name\":\"Po\u010detna\",\"item\":\"https:\/\/bellanoliving.com\/hr\/\"},{\"@type\":\"ListItem\",\"position\":2,\"name\":\"Modularna ljetna kuhinja\"}]},{\"@type\":\"WebSite\",\"@id\":\"https:\/\/bellanoliving.com\/hr\/#website\",\"url\":\"https:\/\/bellanoliving.com\/hr\/\",\"name\":\"Bellano\",\"description\":\"\",\"potentialAction\":[{\"@type\":\"SearchAction\",\"target\":{\"@type\":\"EntryPoint\",\"urlTemplate\":\"https:\/\/bellanoliving.com\/hr\/?s={search_term_string}\"},\"query-input\":{\"@type\":\"PropertyValueSpecification\",\"valueRequired\":true,\"valueName\":\"search_term_string\"}}],\"inLanguage\":\"hr\"}]}<\/script>\n<!-- \/ Yoast SEO plugin. -->","yoast_head_json":{"title":"Modularna ljetna kuhinja za poletne trenutke - Bellano","description":"Kreirajte prilago\u0111enu modularnu ljetnu kuhinju uz Bellano. Pregledajte elemente u hrastu, orahu ili antracit dekoru, te dodatke za \u017ear i hladnjike. Zatra\u017eite ponudu.","robots":{"index":"index","follow":"follow","max-snippet":"max-snippet:-1","max-image-preview":"max-image-preview:large","max-video-preview":"max-video-preview:-1"},"canonical":"https:\/\/bellanoliving.com\/hr\/modularna-letna-kuhinja-hr\/","og_locale":"hr_HR","og_type":"article","og_title":"Modularna ljetna kuhinja za poletne trenutke - Bellano","og_description":"Kreirajte savr\u0161enu ljetnu kuhinju. Zatra\u017eite ponudu danas.","og_url":"https:\/\/bellanoliving.com\/hr\/modularna-letna-kuhinja-hr\/","og_site_name":"Bellano","article_modified_time":"2025-07-31T06:19:03+00:00","twitter_card":"summary_large_image","schema":{"@context":"https:\/\/schema.org","@graph":[{"@type":"WebPage","@id":"https:\/\/bellanoliving.com\/hr\/modularna-letna-kuhinja-hr\/","url":"https:\/\/bellanoliving.com\/hr\/modularna-letna-kuhinja-hr\/","name":"Modularna ljetna kuhinja za poletne trenutke - Bellano","isPartOf":{"@id":"https:\/\/bellanoliving.com\/hr\/#website"},"datePublished":"2025-01-05T13:23:41+00:00","dateModified":"2025-07-31T06:19:03+00:00","description":"Kreirajte prilago\u0111enu modularnu ljetnu kuhinju uz Bellano. Pregledajte elemente u hrastu, orahu ili antracit dekoru, te dodatke za \u017ear i hladnjike. Zatra\u017eite ponudu.","breadcrumb":{"@id":"https:\/\/bellanoliving.com\/hr\/modularna-letna-kuhinja-hr\/#breadcrumb"},"inLanguage":"hr","potentialAction":[{"@type":"ReadAction","target":["https:\/\/bellanoliving.com\/hr\/modularna-letna-kuhinja-hr\/"]}]},{"@type":"BreadcrumbList","@id":"https:\/\/bellanoliving.com\/hr\/modularna-letna-kuhinja-hr\/#breadcrumb","itemListElement":[{"@type":"ListItem","position":1,"name":"Po\u010detna","item":"https:\/\/bellanoliving.com\/hr\/"},{"@type":"ListItem","position":2,"name":"Modularna ljetna kuhinja"}]},{"@type":"WebSite","@id":"https:\/\/bellanoliving.com\/hr\/#website","url":"https:\/\/bellanoliving.com\/hr\/","name":"Bellano","description":"","potentialAction":[{"@type":"SearchAction","target":{"@type":"EntryPoint","urlTemplate":"https:\/\/bellanoliving.com\/hr\/?s={search_term_string}"},"query-input":{"@type":"PropertyValueSpecification","valueRequired":true,"valueName":"search_term_string"}}],"inLanguage":"hr"}]}},"_links":{"self":[{"href":"https:\/\/bellanoliving.com\/hr\/wp-json\/wp\/v2\/pages\/5919","targetHints":{"allow":["GET"]}}],"collection":[{"href":"https:\/\/bellanoliving.com\/hr\/wp-json\/wp\/v2\/pages"}],"about":[{"href":"https:\/\/bellanoliving.com\/hr\/wp-json\/wp\/v2\/types\/page"}],"author":[{"embeddable":true,"href":"https:\/\/bellanoliving.com\/hr\/wp-json\/wp\/v2\/users\/4"}],"replies":[{"embeddable":true,"href":"https:\/\/bellanoliving.com\/hr\/wp-json\/wp\/v2\/comments?post=5919"}],"version-history":[{"count":3,"href":"https:\/\/bellanoliving.com\/hr\/wp-json\/wp\/v2\/pages\/5919\/revisions"}],"predecessor-version":[{"id":8099,"href":"https:\/\/bellanoliving.com\/hr\/wp-json\/wp\/v2\/pages\/5919\/revisions\/8099"}],"wp:attachment":[{"href":"https:\/\/bellanoliving.com\/hr\/wp-json\/wp\/v2\/media?parent=5919"}],"curies":[{"name":"wp","href":"https:\/\/api.w.org\/{rel}","templated":true}]}}