{"id":5955,"date":"2025-01-06T12:07:34","date_gmt":"2025-01-06T12:07:34","guid":{"rendered":"https:\/\/bellanoliving.com\/?page_id=5955"},"modified":"2025-07-31T06:20:25","modified_gmt":"2025-07-31T06:20:25","slug":"zunanje-tv-omare-hr","status":"publish","type":"page","link":"https:\/\/bellanoliving.com\/hr\/zunanje-tv-omare-hr\/","title":{"rendered":"Vanjski TV ormari\u0107i"},"content":{"rendered":"","protected":false},"excerpt":{"rendered":"","protected":false},"author":4,"featured_media":0,"parent":0,"menu_order":0,"comment_status":"closed","ping_status":"closed","template":"100-width.php","meta":{"_acf_changed":false,"footnotes":""},"class_list":["post-5955","page","type-page","status-publish","hentry"],"acf":[],"yoast_head":"<!-- This site is optimized with the Yoast SEO plugin v27.0 - https:\/\/yoast.com\/product\/yoast-seo-wordpress\/ -->\n<title>Vanjski TV ormari\u0107i za svaki vrt | Bellano<\/title>\n<meta name=\"description\" content=\"Nabavite visokokvalitetne vanjske TV ormari\u0107e. Idealni su za va\u0161 vanjski prostor! Provjerite na\u0161u ponudu odmah.\" \/>\n<meta name=\"robots\" content=\"index, follow, max-snippet:-1, max-image-preview:large, max-video-preview:-1\" \/>\n<link rel=\"canonical\" href=\"https:\/\/bellanoliving.com\/hr\/zunanje-tv-omare-hr\/\" \/>\n<meta property=\"og:locale\" content=\"hr_HR\" \/>\n<meta property=\"og:type\" content=\"article\" \/>\n<meta property=\"og:title\" content=\"Vanjski TV ormari\u0107i | Bellano\" \/>\n<meta property=\"og:description\" content=\"Kvalitetni vanjski TV ormari\u0107i za va\u0161 prostor. Pogledajte ponudu!\" \/>\n<meta property=\"og:url\" content=\"https:\/\/bellanoliving.com\/hr\/zunanje-tv-omare-hr\/\" \/>\n<meta property=\"og:site_name\" content=\"Bellano\" \/>\n<meta property=\"article:modified_time\" content=\"2025-07-31T06:20:25+00:00\" \/>\n<meta name=\"twitter:card\" content=\"summary_large_image\" \/>\n<script type=\"application\/ld+json\" class=\"yoast-schema-graph\">{\"@context\":\"https:\/\/schema.org\",\"@graph\":[{\"@type\":\"WebPage\",\"@id\":\"https:\/\/bellanoliving.com\/hr\/zunanje-tv-omare-hr\/\",\"url\":\"https:\/\/bellanoliving.com\/hr\/zunanje-tv-omare-hr\/\",\"name\":\"Vanjski TV ormari\u0107i za svaki vrt | Bellano\",\"isPartOf\":{\"@id\":\"https:\/\/bellanoliving.com\/hr\/#website\"},\"datePublished\":\"2025-01-06T12:07:34+00:00\",\"dateModified\":\"2025-07-31T06:20:25+00:00\",\"description\":\"Nabavite visokokvalitetne vanjske TV ormari\u0107e. Idealni su za va\u0161 vanjski prostor! Provjerite na\u0161u ponudu odmah.\",\"breadcrumb\":{\"@id\":\"https:\/\/bellanoliving.com\/hr\/zunanje-tv-omare-hr\/#breadcrumb\"},\"inLanguage\":\"hr\",\"potentialAction\":[{\"@type\":\"ReadAction\",\"target\":[\"https:\/\/bellanoliving.com\/hr\/zunanje-tv-omare-hr\/\"]}]},{\"@type\":\"BreadcrumbList\",\"@id\":\"https:\/\/bellanoliving.com\/hr\/zunanje-tv-omare-hr\/#breadcrumb\",\"itemListElement\":[{\"@type\":\"ListItem\",\"position\":1,\"name\":\"Po\u010detna\",\"item\":\"https:\/\/bellanoliving.com\/hr\/\"},{\"@type\":\"ListItem\",\"position\":2,\"name\":\"Vanjski TV ormari\u0107i\"}]},{\"@type\":\"WebSite\",\"@id\":\"https:\/\/bellanoliving.com\/hr\/#website\",\"url\":\"https:\/\/bellanoliving.com\/hr\/\",\"name\":\"Bellano\",\"description\":\"\",\"potentialAction\":[{\"@type\":\"SearchAction\",\"target\":{\"@type\":\"EntryPoint\",\"urlTemplate\":\"https:\/\/bellanoliving.com\/hr\/?s={search_term_string}\"},\"query-input\":{\"@type\":\"PropertyValueSpecification\",\"valueRequired\":true,\"valueName\":\"search_term_string\"}}],\"inLanguage\":\"hr\"}]}<\/script>\n<!-- \/ Yoast SEO plugin. -->","yoast_head_json":{"title":"Vanjski TV ormari\u0107i za svaki vrt | Bellano","description":"Nabavite visokokvalitetne vanjske TV ormari\u0107e. Idealni su za va\u0161 vanjski prostor! Provjerite na\u0161u ponudu odmah.","robots":{"index":"index","follow":"follow","max-snippet":"max-snippet:-1","max-image-preview":"max-image-preview:large","max-video-preview":"max-video-preview:-1"},"canonical":"https:\/\/bellanoliving.com\/hr\/zunanje-tv-omare-hr\/","og_locale":"hr_HR","og_type":"article","og_title":"Vanjski TV ormari\u0107i | Bellano","og_description":"Kvalitetni vanjski TV ormari\u0107i za va\u0161 prostor. Pogledajte ponudu!","og_url":"https:\/\/bellanoliving.com\/hr\/zunanje-tv-omare-hr\/","og_site_name":"Bellano","article_modified_time":"2025-07-31T06:20:25+00:00","twitter_card":"summary_large_image","schema":{"@context":"https:\/\/schema.org","@graph":[{"@type":"WebPage","@id":"https:\/\/bellanoliving.com\/hr\/zunanje-tv-omare-hr\/","url":"https:\/\/bellanoliving.com\/hr\/zunanje-tv-omare-hr\/","name":"Vanjski TV ormari\u0107i za svaki vrt | Bellano","isPartOf":{"@id":"https:\/\/bellanoliving.com\/hr\/#website"},"datePublished":"2025-01-06T12:07:34+00:00","dateModified":"2025-07-31T06:20:25+00:00","description":"Nabavite visokokvalitetne vanjske TV ormari\u0107e. Idealni su za va\u0161 vanjski prostor! Provjerite na\u0161u ponudu odmah.","breadcrumb":{"@id":"https:\/\/bellanoliving.com\/hr\/zunanje-tv-omare-hr\/#breadcrumb"},"inLanguage":"hr","potentialAction":[{"@type":"ReadAction","target":["https:\/\/bellanoliving.com\/hr\/zunanje-tv-omare-hr\/"]}]},{"@type":"BreadcrumbList","@id":"https:\/\/bellanoliving.com\/hr\/zunanje-tv-omare-hr\/#breadcrumb","itemListElement":[{"@type":"ListItem","position":1,"name":"Po\u010detna","item":"https:\/\/bellanoliving.com\/hr\/"},{"@type":"ListItem","position":2,"name":"Vanjski TV ormari\u0107i"}]},{"@type":"WebSite","@id":"https:\/\/bellanoliving.com\/hr\/#website","url":"https:\/\/bellanoliving.com\/hr\/","name":"Bellano","description":"","potentialAction":[{"@type":"SearchAction","target":{"@type":"EntryPoint","urlTemplate":"https:\/\/bellanoliving.com\/hr\/?s={search_term_string}"},"query-input":{"@type":"PropertyValueSpecification","valueRequired":true,"valueName":"search_term_string"}}],"inLanguage":"hr"}]}},"_links":{"self":[{"href":"https:\/\/bellanoliving.com\/hr\/wp-json\/wp\/v2\/pages\/5955","targetHints":{"allow":["GET"]}}],"collection":[{"href":"https:\/\/bellanoliving.com\/hr\/wp-json\/wp\/v2\/pages"}],"about":[{"href":"https:\/\/bellanoliving.com\/hr\/wp-json\/wp\/v2\/types\/page"}],"author":[{"embeddable":true,"href":"https:\/\/bellanoliving.com\/hr\/wp-json\/wp\/v2\/users\/4"}],"replies":[{"embeddable":true,"href":"https:\/\/bellanoliving.com\/hr\/wp-json\/wp\/v2\/comments?post=5955"}],"version-history":[{"count":2,"href":"https:\/\/bellanoliving.com\/hr\/wp-json\/wp\/v2\/pages\/5955\/revisions"}],"predecessor-version":[{"id":8101,"href":"https:\/\/bellanoliving.com\/hr\/wp-json\/wp\/v2\/pages\/5955\/revisions\/8101"}],"wp:attachment":[{"href":"https:\/\/bellanoliving.com\/hr\/wp-json\/wp\/v2\/media?parent=5955"}],"curies":[{"name":"wp","href":"https:\/\/api.w.org\/{rel}","templated":true}]}}