{"id":7859,"date":"2025-04-08T07:44:01","date_gmt":"2025-04-08T07:44:01","guid":{"rendered":"https:\/\/bellanoliving.com\/?post_type=product&#038;p=7859"},"modified":"2025-07-30T11:22:43","modified_gmt":"2025-07-30T11:22:43","slug":"pokrivalo-za-kamado-rostilj-s-podnozjem-i-bocnim-stolovima","status":"publish","type":"product","link":"https:\/\/bellanoliving.com\/hr\/izdelek\/pokrivalo-za-kamado-rostilj-s-podnozjem-i-bocnim-stolovima\/","title":{"rendered":"Pokrivalo za kamado ro\u0161tilj s podno\u017ejem i bo\u010dnim stolovima"},"content":{"rendered":"","protected":false},"excerpt":{"rendered":"","protected":false},"featured_media":4705,"comment_status":"open","ping_status":"closed","template":"","meta":{"_acf_changed":false},"product_brand":[],"product_cat":[179],"product_tag":[],"class_list":{"0":"post-7859","1":"product","2":"type-product","3":"status-publish","4":"has-post-thumbnail","6":"product_cat-elementi-za-rostilje-rostilji-i-dodaci-za-rostilj","8":"first","9":"instock","10":"taxable","11":"shipping-taxable","12":"purchasable","13":"product-type-simple"},"acf":[],"yoast_head":"<!-- This site is optimized with the Yoast SEO plugin v27.0 - https:\/\/yoast.com\/product\/yoast-seo-wordpress\/ -->\n<title>Pokrivalo za kamado ro\u0161tilj s podno\u017ejem i bo\u010dnim stolovima - Bellano<\/title>\n<meta name=\"robots\" content=\"index, follow, max-snippet:-1, max-image-preview:large, max-video-preview:-1\" \/>\n<link rel=\"canonical\" href=\"https:\/\/bellanoliving.com\/hr\/izdelek\/pokrivalo-za-kamado-rostilj-s-podnozjem-i-bocnim-stolovima\/\" \/>\n<meta property=\"og:locale\" content=\"hr_HR\" \/>\n<meta property=\"og:type\" content=\"article\" \/>\n<meta property=\"og:title\" content=\"Pokrivalo za kamado ro\u0161tilj s podno\u017ejem i bo\u010dnim stolovima - Bellano\" \/>\n<meta property=\"og:url\" content=\"https:\/\/bellanoliving.com\/hr\/izdelek\/pokrivalo-za-kamado-rostilj-s-podnozjem-i-bocnim-stolovima\/\" \/>\n<meta property=\"og:site_name\" content=\"Bellano\" \/>\n<meta property=\"article:modified_time\" content=\"2025-07-30T11:22:43+00:00\" \/>\n<meta property=\"og:image\" content=\"https:\/\/bellanoliving.com\/wp-content\/uploads\/2025\/04\/01-POK1.jpg\" \/>\n\t<meta property=\"og:image:width\" content=\"1080\" \/>\n\t<meta property=\"og:image:height\" content=\"1080\" \/>\n\t<meta property=\"og:image:type\" content=\"image\/jpeg\" \/>\n<meta name=\"twitter:card\" content=\"summary_large_image\" \/>\n<script type=\"application\/ld+json\" class=\"yoast-schema-graph\">{\"@context\":\"https:\/\/schema.org\",\"@graph\":[{\"@type\":\"WebPage\",\"@id\":\"https:\/\/bellanoliving.com\/hr\/izdelek\/pokrivalo-za-kamado-rostilj-s-podnozjem-i-bocnim-stolovima\/\",\"url\":\"https:\/\/bellanoliving.com\/hr\/izdelek\/pokrivalo-za-kamado-rostilj-s-podnozjem-i-bocnim-stolovima\/\",\"name\":\"Pokrivalo za kamado ro\u0161tilj s podno\u017ejem i bo\u010dnim stolovima - Bellano\",\"isPartOf\":{\"@id\":\"https:\/\/bellanoliving.com\/hr\/#website\"},\"primaryImageOfPage\":{\"@id\":\"https:\/\/bellanoliving.com\/hr\/izdelek\/pokrivalo-za-kamado-rostilj-s-podnozjem-i-bocnim-stolovima\/#primaryimage\"},\"image\":{\"@id\":\"https:\/\/bellanoliving.com\/hr\/izdelek\/pokrivalo-za-kamado-rostilj-s-podnozjem-i-bocnim-stolovima\/#primaryimage\"},\"thumbnailUrl\":\"https:\/\/bellanoliving.com\/wp-content\/uploads\/2025\/04\/01-POK1.jpg\",\"datePublished\":\"2025-04-08T07:44:01+00:00\",\"dateModified\":\"2025-07-30T11:22:43+00:00\",\"breadcrumb\":{\"@id\":\"https:\/\/bellanoliving.com\/hr\/izdelek\/pokrivalo-za-kamado-rostilj-s-podnozjem-i-bocnim-stolovima\/#breadcrumb\"},\"inLanguage\":\"hr\",\"potentialAction\":[{\"@type\":\"ReadAction\",\"target\":[\"https:\/\/bellanoliving.com\/hr\/izdelek\/pokrivalo-za-kamado-rostilj-s-podnozjem-i-bocnim-stolovima\/\"]}]},{\"@type\":\"ImageObject\",\"inLanguage\":\"hr\",\"@id\":\"https:\/\/bellanoliving.com\/hr\/izdelek\/pokrivalo-za-kamado-rostilj-s-podnozjem-i-bocnim-stolovima\/#primaryimage\",\"url\":\"https:\/\/bellanoliving.com\/wp-content\/uploads\/2025\/04\/01-POK1.jpg\",\"contentUrl\":\"https:\/\/bellanoliving.com\/wp-content\/uploads\/2025\/04\/01-POK1.jpg\",\"width\":1080,\"height\":1080},{\"@type\":\"BreadcrumbList\",\"@id\":\"https:\/\/bellanoliving.com\/hr\/izdelek\/pokrivalo-za-kamado-rostilj-s-podnozjem-i-bocnim-stolovima\/#breadcrumb\",\"itemListElement\":[{\"@type\":\"ListItem\",\"position\":1,\"name\":\"Po\u010detna\",\"item\":\"https:\/\/bellanoliving.com\/hr\/\"},{\"@type\":\"ListItem\",\"position\":2,\"name\":\"Shop\",\"item\":\"https:\/\/bellanoliving.com\/hr\/shop\/\"},{\"@type\":\"ListItem\",\"position\":3,\"name\":\"Pokrivalo za kamado ro\u0161tilj s podno\u017ejem i bo\u010dnim stolovima\"}]},{\"@type\":\"WebSite\",\"@id\":\"https:\/\/bellanoliving.com\/hr\/#website\",\"url\":\"https:\/\/bellanoliving.com\/hr\/\",\"name\":\"Bellano\",\"description\":\"\",\"potentialAction\":[{\"@type\":\"SearchAction\",\"target\":{\"@type\":\"EntryPoint\",\"urlTemplate\":\"https:\/\/bellanoliving.com\/hr\/?s={search_term_string}\"},\"query-input\":{\"@type\":\"PropertyValueSpecification\",\"valueRequired\":true,\"valueName\":\"search_term_string\"}}],\"inLanguage\":\"hr\"}]}<\/script>\n<!-- \/ Yoast SEO plugin. -->","yoast_head_json":{"title":"Pokrivalo za kamado ro\u0161tilj s podno\u017ejem i bo\u010dnim stolovima - Bellano","robots":{"index":"index","follow":"follow","max-snippet":"max-snippet:-1","max-image-preview":"max-image-preview:large","max-video-preview":"max-video-preview:-1"},"canonical":"https:\/\/bellanoliving.com\/hr\/izdelek\/pokrivalo-za-kamado-rostilj-s-podnozjem-i-bocnim-stolovima\/","og_locale":"hr_HR","og_type":"article","og_title":"Pokrivalo za kamado ro\u0161tilj s podno\u017ejem i bo\u010dnim stolovima - Bellano","og_url":"https:\/\/bellanoliving.com\/hr\/izdelek\/pokrivalo-za-kamado-rostilj-s-podnozjem-i-bocnim-stolovima\/","og_site_name":"Bellano","article_modified_time":"2025-07-30T11:22:43+00:00","og_image":[{"width":1080,"height":1080,"url":"https:\/\/bellanoliving.com\/wp-content\/uploads\/2025\/04\/01-POK1.jpg","type":"image\/jpeg"}],"twitter_card":"summary_large_image","schema":{"@context":"https:\/\/schema.org","@graph":[{"@type":"WebPage","@id":"https:\/\/bellanoliving.com\/hr\/izdelek\/pokrivalo-za-kamado-rostilj-s-podnozjem-i-bocnim-stolovima\/","url":"https:\/\/bellanoliving.com\/hr\/izdelek\/pokrivalo-za-kamado-rostilj-s-podnozjem-i-bocnim-stolovima\/","name":"Pokrivalo za kamado ro\u0161tilj s podno\u017ejem i bo\u010dnim stolovima - Bellano","isPartOf":{"@id":"https:\/\/bellanoliving.com\/hr\/#website"},"primaryImageOfPage":{"@id":"https:\/\/bellanoliving.com\/hr\/izdelek\/pokrivalo-za-kamado-rostilj-s-podnozjem-i-bocnim-stolovima\/#primaryimage"},"image":{"@id":"https:\/\/bellanoliving.com\/hr\/izdelek\/pokrivalo-za-kamado-rostilj-s-podnozjem-i-bocnim-stolovima\/#primaryimage"},"thumbnailUrl":"https:\/\/bellanoliving.com\/wp-content\/uploads\/2025\/04\/01-POK1.jpg","datePublished":"2025-04-08T07:44:01+00:00","dateModified":"2025-07-30T11:22:43+00:00","breadcrumb":{"@id":"https:\/\/bellanoliving.com\/hr\/izdelek\/pokrivalo-za-kamado-rostilj-s-podnozjem-i-bocnim-stolovima\/#breadcrumb"},"inLanguage":"hr","potentialAction":[{"@type":"ReadAction","target":["https:\/\/bellanoliving.com\/hr\/izdelek\/pokrivalo-za-kamado-rostilj-s-podnozjem-i-bocnim-stolovima\/"]}]},{"@type":"ImageObject","inLanguage":"hr","@id":"https:\/\/bellanoliving.com\/hr\/izdelek\/pokrivalo-za-kamado-rostilj-s-podnozjem-i-bocnim-stolovima\/#primaryimage","url":"https:\/\/bellanoliving.com\/wp-content\/uploads\/2025\/04\/01-POK1.jpg","contentUrl":"https:\/\/bellanoliving.com\/wp-content\/uploads\/2025\/04\/01-POK1.jpg","width":1080,"height":1080},{"@type":"BreadcrumbList","@id":"https:\/\/bellanoliving.com\/hr\/izdelek\/pokrivalo-za-kamado-rostilj-s-podnozjem-i-bocnim-stolovima\/#breadcrumb","itemListElement":[{"@type":"ListItem","position":1,"name":"Po\u010detna","item":"https:\/\/bellanoliving.com\/hr\/"},{"@type":"ListItem","position":2,"name":"Shop","item":"https:\/\/bellanoliving.com\/hr\/shop\/"},{"@type":"ListItem","position":3,"name":"Pokrivalo za kamado ro\u0161tilj s podno\u017ejem i bo\u010dnim stolovima"}]},{"@type":"WebSite","@id":"https:\/\/bellanoliving.com\/hr\/#website","url":"https:\/\/bellanoliving.com\/hr\/","name":"Bellano","description":"","potentialAction":[{"@type":"SearchAction","target":{"@type":"EntryPoint","urlTemplate":"https:\/\/bellanoliving.com\/hr\/?s={search_term_string}"},"query-input":{"@type":"PropertyValueSpecification","valueRequired":true,"valueName":"search_term_string"}}],"inLanguage":"hr"}]}},"_links":{"self":[{"href":"https:\/\/bellanoliving.com\/hr\/wp-json\/wp\/v2\/product\/7859","targetHints":{"allow":["GET"]}}],"collection":[{"href":"https:\/\/bellanoliving.com\/hr\/wp-json\/wp\/v2\/product"}],"about":[{"href":"https:\/\/bellanoliving.com\/hr\/wp-json\/wp\/v2\/types\/product"}],"replies":[{"embeddable":true,"href":"https:\/\/bellanoliving.com\/hr\/wp-json\/wp\/v2\/comments?post=7859"}],"wp:featuredmedia":[{"embeddable":true,"href":"https:\/\/bellanoliving.com\/hr\/wp-json\/wp\/v2\/media\/4705"}],"wp:attachment":[{"href":"https:\/\/bellanoliving.com\/hr\/wp-json\/wp\/v2\/media?parent=7859"}],"wp:term":[{"taxonomy":"product_brand","embeddable":true,"href":"https:\/\/bellanoliving.com\/hr\/wp-json\/wp\/v2\/product_brand?post=7859"},{"taxonomy":"product_cat","embeddable":true,"href":"https:\/\/bellanoliving.com\/hr\/wp-json\/wp\/v2\/product_cat?post=7859"},{"taxonomy":"product_tag","embeddable":true,"href":"https:\/\/bellanoliving.com\/hr\/wp-json\/wp\/v2\/product_tag?post=7859"}],"curies":[{"name":"wp","href":"https:\/\/api.w.org\/{rel}","templated":true}]}}